{"id":987510445,"date":"2025-03-11T15:48:53","date_gmt":"2025-03-11T15:48:53","guid":{"rendered":"https:\/\/www.ayudapple.com\/?page_id=987510445"},"modified":"2025-03-11T15:48:53","modified_gmt":"2025-03-11T15:48:53","slug":"987510445-2","status":"publish","type":"page","link":"https:\/\/www.ayudapple.com\/?page_id=987510445","title":{"rendered":""},"content":{"rendered":"<div class=\"et_d4_element et_pb_section et_pb_section_0  et_pb_css_mix_blend_mode et_section_regular et_block_section\" >\n\t\t\t\t\n\t\t\t\t\n\t\t\t\t\n\t\t\t\t\n\t\t\t\t\n\t\t\t\t\n\t\t\t\t<div class=\"et_d4_element et_pb_row et_pb_row_0  et_pb_css_mix_blend_mode et_block_row\">\n\t\t\t\t<div class=\"et_d4_element et_pb_column_4_4 et_pb_column et_pb_column_0  et_pb_css_mix_blend_mode et-last-child et_block_column\">\n\t\t\t\t\n\t\t\t\t\n\t\t\t\t\n\t\t\t\t\n\t\t\t\t<div class=\"et_pb_module et_d4_element et_pb_text et_pb_text_0  et_pb_text_align_left et_pb_bg_layout_light\">\n\t\t\t\t\n\t\t\t\t\n\t\t\t\t\n\t\t\t\t\n\t\t\t\t<div class=\"et_pb_text_inner\"><h3 data-pm-slice=\"1 1 &#091;&#093;\"><span><\/span><\/h3>\n<h3 data-pm-slice=\"1 1 &#091;&#093;\"><span>Pol\u00edtica de Cookies<\/span><\/h3>\n<p><span><\/span><\/p>\n<h3 data-pm-slice=\"1 1 &#091;&#093;\"><span>1. \u00bfQu\u00e9 son las cookies?<\/span><\/h3>\n<p><span>Las cookies son peque\u00f1os archivos de texto que se almacenan en tu dispositivo cuando visitas un sitio web. Se utilizan para mejorar la experiencia de navegaci\u00f3n, recopilar informaci\u00f3n estad\u00edstica y, en algunos casos, ofrecer contenido personalizado.<\/span><\/p>\n<h3><span>2. \u00bfQu\u00e9 tipos de cookies utilizamos?<\/span><\/h3>\n<p><span>Este Sitio Web solo utiliza cookies de an\u00e1lisis proporcionadas por Google Analytics:<\/span><\/p>\n<ul data-spread=\"false\">\n<li>\n<p><span><strong>Cookies anal\u00edticas<\/strong><\/span><span>: Nos permiten conocer el n\u00famero de visitas, las p\u00e1ginas m\u00e1s vistas y el comportamiento de los usuarios en el sitio de manera totalmente an\u00f3nima.<\/span><\/p>\n<\/li>\n<\/ul>\n<h3><span>3. Gesti\u00f3n de cookies<\/span><\/h3>\n<p><span>Puedes aceptar o rechazar el uso de cookies en el banner de cookies cuando accedes por primera vez al Sitio Web. Tambi\u00e9n puedes configurar tu navegador para bloquear o eliminar las cookies en cualquier momento. A continuaci\u00f3n, te proporcionamos enlaces a las instrucciones de configuraci\u00f3n para los navegadores m\u00e1s utilizados:<\/span><\/p>\n<ul data-spread=\"false\">\n<li>\n<p><a href=\"https:\/\/support.google.com\/chrome\/answer\/95647?hl=es\" target=\"_blank\" rel=\"noopener\"><span><strong>Google Chrome<\/strong><\/span><\/a><\/p>\n<\/li>\n<li>\n<p><a href=\"https:\/\/support.mozilla.org\/es\/kb\/Borrar%20cookies\" target=\"_blank\" rel=\"noopener\"><span><strong>Mozilla Firefox<\/strong><\/span><\/a><\/p>\n<\/li>\n<li>\n<p><a href=\"https:\/\/support.apple.com\/es-es\/HT201265\" target=\"_blank\" rel=\"noopener\"><span><strong>Safari<\/strong><\/span><\/a><\/p>\n<\/li>\n<li>\n<p><a href=\"https:\/\/support.microsoft.com\/es-es\/help\/4027947\/microsoft-edge-delete-cookies\" target=\"_blank\" rel=\"noopener\"><span><strong>Microsoft Edge<\/strong><\/span><span>\u00a0<\/span><\/a><\/p>\n<\/li>\n<\/ul>\n<h3><span>4. Contacto<\/span><\/h3>\n<p><span>Si tienes dudas sobre nuestra Pol\u00edtica de Cookies, puedes contactarnos en: lidiamas@me.com.<\/span><\/p>\n<p><span><strong>Nota:<\/strong><\/span><span> Esta pol\u00edtica puede actualizarse peri\u00f3dicamente para adaptarse a cambios normativos o t\u00e9cnicos. Te recomendamos revisarla con frecuencia.<\/span><\/p><\/div>\n\t\t\t<\/div>\n\t\t\t<\/div>\n\t\t\t\t\n\t\t\t\t\n\t\t\t\t\n\t\t\t\t\n\t\t\t<\/div>\n\t\t\t\t\n\t\t\t\t\n\t\t\t<\/div>\n","protected":false},"excerpt":{"rendered":"","protected":false},"author":1,"featured_media":0,"parent":0,"menu_order":0,"comment_status":"closed","ping_status":"closed","template":"","meta":{"_et_pb_use_builder":"on","_et_pb_old_content":"","_et_gb_content_width":"","footnotes":""},"class_list":["post-987510445","page","type-page","status-publish","hentry"],"_links":{"self":[{"href":"https:\/\/www.ayudapple.com\/index.php?rest_route=\/wp\/v2\/pages\/987510445","targetHints":{"allow":["GET"]}}],"collection":[{"href":"https:\/\/www.ayudapple.com\/index.php?rest_route=\/wp\/v2\/pages"}],"about":[{"href":"https:\/\/www.ayudapple.com\/index.php?rest_route=\/wp\/v2\/types\/page"}],"author":[{"embeddable":true,"href":"https:\/\/www.ayudapple.com\/index.php?rest_route=\/wp\/v2\/users\/1"}],"replies":[{"embeddable":true,"href":"https:\/\/www.ayudapple.com\/index.php?rest_route=%2Fwp%2Fv2%2Fcomments&post=987510445"}],"version-history":[{"count":3,"href":"https:\/\/www.ayudapple.com\/index.php?rest_route=\/wp\/v2\/pages\/987510445\/revisions"}],"predecessor-version":[{"id":987510450,"href":"https:\/\/www.ayudapple.com\/index.php?rest_route=\/wp\/v2\/pages\/987510445\/revisions\/987510450"}],"wp:attachment":[{"href":"https:\/\/www.ayudapple.com\/index.php?rest_route=%2Fwp%2Fv2%2Fmedia&parent=987510445"}],"curies":[{"name":"wp","href":"https:\/\/api.w.org\/{rel}","templated":true}]}}