{"id":370957,"date":"2023-12-08T11:08:41","date_gmt":"2023-12-08T11:08:41","guid":{"rendered":"https:\/\/www.ayudapple.com\/?page_id=370957"},"modified":"2025-12-24T11:38:16","modified_gmt":"2025-12-24T11:38:16","slug":"blog","status":"publish","type":"page","link":"https:\/\/www.ayudapple.com\/?page_id=370957","title":{"rendered":"Tips"},"content":{"rendered":"<p><div class=\"et_d4_element et_pb_section et_pb_section_0  et_pb_css_mix_blend_mode et_section_regular et_block_section\" >\n\t\t\t\t\n\t\t\t\t\n\t\t\t\t\n\t\t\t\t\n\t\t\t\t\n\t\t\t\t\n\t\t\t\t<div class=\"et_d4_element et_pb_row et_pb_row_0  et_pb_css_mix_blend_mode et_block_row\">\n\t\t\t\t<div class=\"et_d4_element et_pb_column_4_4 et_pb_column et_pb_column_0  et_pb_css_mix_blend_mode et-last-child et_block_column\">\n\t\t\t\t\n\t\t\t\t\n\t\t\t\t\n\t\t\t\t\n\t\t\t\t<div class=\"et_pb_module et_d4_element et_pb_text et_pb_text_0  et_pb_text_align_left et_pb_bg_layout_light\">\n\t\t\t\t\n\t\t\t\t\n\t\t\t\t\n\t\t\t\t\n\t\t\t\t<div class=\"et_pb_text_inner\"><h4><span style=\"color: #fe502a;\">Blog<\/span><\/h4><\/div>\n\t\t\t<\/div><div class=\"et_pb_module et_d4_element et_pb_text et_pb_text_1  et_pb_text_align_left et_pb_bg_layout_light\">\n\t\t\t\t\n\t\t\t\t\n\t\t\t\t\n\t\t\t\t\n\t\t\t\t<div class=\"et_pb_text_inner\"><h1>Tips &amp; News<\/h1><\/div>\n\t\t\t<\/div>\n\t\t\t<\/div>\n\t\t\t\t\n\t\t\t\t\n\t\t\t\t\n\t\t\t\t\n\t\t\t<\/div>\n\t\t\t\t\n\t\t\t\t\n\t\t\t<\/div><div class=\"et_d4_element et_pb_section et_pb_section_1  et_pb_css_mix_blend_mode et_section_regular et_block_section\" >\n\t\t\t\t\n\t\t\t\t\n\t\t\t\t\n\t\t\t\t\n\t\t\t\t\n\t\t\t\t\n\t\t\t\t<div class=\"et_d4_element et_pb_row et_pb_row_1  et_pb_css_mix_blend_mode et_block_row\">\n\t\t\t\t<div class=\"et_d4_element et_pb_column_4_4 et_pb_column et_pb_column_1  et_pb_css_mix_blend_mode et-last-child et_block_column\">\n\t\t\t\t\n\t\t\t\t\n\t\t\t\t\n\t\t\t\t\n\t\t\t\t<div class=\"et_pb_with_border et_pb_module et_d4_element et_pb_blog_0  et_pb_css_mix_blend_mode et_pb_blog_grid_wrapper et_pb_bg_layout_light\">\n\t\t\t\t\t<div class=\"et_pb_blog_grid clearfix \">\n\t\t\t\t\t\n\t\t\t\t\t\n\t\t\t\t\t\n\t\t\t\t\t\n\t\t\t\t\t<div class=\"et_pb_ajax_pagination_container\">\n\t\t\t\t\t\t<div class=\"et_pb_salvattore_content\" data-columns>\n\t\t\t<article id=\"post-987510535\" class=\"et_pb_post clearfix et_pb_blog_item_0_0 post-987510535 post type-post status-publish format-standard has-post-thumbnail hentry category-ios category-ipad-os category-macos\">\n\n\t\t\t\t<div class=\"et_pb_image_container\"><a href=\"https:\/\/www.ayudapple.com\/?p=987510535\" class=\"entry-featured-image-url\"><img loading=\"lazy\" decoding=\"async\" src=\"https:\/\/www.ayudapple.com\/wp-content\/uploads\/2025\/12\/Apple-iCloud-400x250.png\" alt=\"iCloud de Apple explicado para entenderlo de verdad \uf8ff\" class=\"\" srcset=\"https:\/\/www.ayudapple.com\/wp-content\/uploads\/2025\/12\/Apple-iCloud.png 479w, https:\/\/www.ayudapple.com\/wp-content\/uploads\/2025\/12\/Apple-iCloud-400x250.png 480w \" sizes=\"(max-width:479px) 479px, 100vw \"  width=\"400\" height=\"250\" \/><\/a><\/div>\n\t\t\t\t\t\t\t\t\t\t\t\t\t\t<h2 class=\"entry-title\">\n\t\t\t\t\t\t\t\t\t\t\t\t\t<a href=\"https:\/\/www.ayudapple.com\/?p=987510535\">iCloud de Apple explicado para entenderlo de verdad \uf8ff<\/a>\n\t\t\t\t\t\t\t\t\t\t\t<\/h2>\n\t\t\t\t\n\t\t\t\t\t<p class=\"post-meta\"><span class=\"published\">Dic 24, 2025<\/span> | <a href=\"https:\/\/www.ayudapple.com\/?cat=13\" rel=\"tag\">iOS<\/a>, <a href=\"https:\/\/www.ayudapple.com\/?cat=15\" rel=\"tag\">iPad OS<\/a>, <a href=\"https:\/\/www.ayudapple.com\/?cat=14\" rel=\"tag\">MacOS<\/a><\/p><div class=\"post-content\"><div class=\"post-content-inner\"><p>Introducci\u00f3n\u00a0 Hoy en d\u00eda utilizamos nubes constantemente, aunque muchas veces no seamos conscientes de ello. Pr\u00e1cticamente todas las apps y servicios que usamos funcionan ya en la nube: empresas como Google, Microsoft o Meta guardan nuestros datos en grandes centros...<\/p>\n<\/div><a href=\"https:\/\/www.ayudapple.com\/?p=987510535\" class=\"more-link\">leer m\u00e1s<\/a><\/div>\t\t\t\n\t\t\t<\/article>\n\t\t\t\t\n\t\t\t<article id=\"post-987510395\" class=\"et_pb_post clearfix et_pb_blog_item_0_1 post-987510395 post type-post status-publish format-standard has-post-thumbnail hentry category-ios\">\n\n\t\t\t\t<div class=\"et_pb_image_container\"><a href=\"https:\/\/www.ayudapple.com\/?p=987510395\" class=\"entry-featured-image-url\"><img loading=\"lazy\" decoding=\"async\" src=\"https:\/\/www.ayudapple.com\/wp-content\/uploads\/2024\/09\/Como-cargar-correctamente-el-iPhone-400x250.png\" alt=\"7 recomendaciones b\u00e1sicas para que la bater\u00eda de tu iPhone funcione mejor y dure m\u00e1s tiempo\" class=\"\" srcset=\"https:\/\/www.ayudapple.com\/wp-content\/uploads\/2024\/09\/Como-cargar-correctamente-el-iPhone.png 479w, https:\/\/www.ayudapple.com\/wp-content\/uploads\/2024\/09\/Como-cargar-correctamente-el-iPhone-400x250.png 480w \" sizes=\"(max-width:479px) 479px, 100vw \"  width=\"400\" height=\"250\" \/><\/a><\/div>\n\t\t\t\t\t\t\t\t\t\t\t\t\t\t<h2 class=\"entry-title\">\n\t\t\t\t\t\t\t\t\t\t\t\t\t<a href=\"https:\/\/www.ayudapple.com\/?p=987510395\">7 recomendaciones b\u00e1sicas para que la bater\u00eda de tu iPhone funcione mejor y dure m\u00e1s tiempo<\/a>\n\t\t\t\t\t\t\t\t\t\t\t<\/h2>\n\t\t\t\t\n\t\t\t\t\t<p class=\"post-meta\"><span class=\"published\">Sep 23, 2024<\/span> | <a href=\"https:\/\/www.ayudapple.com\/?cat=13\" rel=\"tag\">iOS<\/a><\/p><div class=\"post-content\"><div class=\"post-content-inner\"><p>1. Evita cargas y descargas completas (0-100%) con frecuencia\u00a0 \u26a1\ud83d\udcc9 Las bater\u00edas de litio sufren m\u00e1s desgaste cuando se descargan completamente o se cargan al 100% de manera regular. Es mejor mantener el nivel de carga entre el 20% y el 80%. Una carga completa es...<\/p>\n<\/div><a href=\"https:\/\/www.ayudapple.com\/?p=987510395\" class=\"more-link\">leer m\u00e1s<\/a><\/div>\t\t\t\n\t\t\t<\/article>\n\t\t\t\t\n\t\t\t<article id=\"post-987510325\" class=\"et_pb_post clearfix et_pb_blog_item_0_2 post-987510325 post type-post status-publish format-standard has-post-thumbnail hentry category-ios\">\n\n\t\t\t\t<div class=\"et_pb_image_container\"><a href=\"https:\/\/www.ayudapple.com\/?p=987510325\" class=\"entry-featured-image-url\"><img loading=\"lazy\" decoding=\"async\" src=\"https:\/\/www.ayudapple.com\/wp-content\/uploads\/2024\/07\/Conectividad-iPhone-400x250.jpg\" alt=\"Conectividad en tu iPhone\" class=\"\" srcset=\"https:\/\/www.ayudapple.com\/wp-content\/uploads\/2024\/07\/Conectividad-iPhone.jpg 479w, https:\/\/www.ayudapple.com\/wp-content\/uploads\/2024\/07\/Conectividad-iPhone-400x250.jpg 480w \" sizes=\"(max-width:479px) 479px, 100vw \"  width=\"400\" height=\"250\" \/><\/a><\/div>\n\t\t\t\t\t\t\t\t\t\t\t\t\t\t<h2 class=\"entry-title\">\n\t\t\t\t\t\t\t\t\t\t\t\t\t<a href=\"https:\/\/www.ayudapple.com\/?p=987510325\">Conectividad en tu iPhone<\/a>\n\t\t\t\t\t\t\t\t\t\t\t<\/h2>\n\t\t\t\t\n\t\t\t\t\t<p class=\"post-meta\"><span class=\"published\">Jul 12, 2024<\/span> | <a href=\"https:\/\/www.ayudapple.com\/?cat=13\" rel=\"tag\">iOS<\/a><\/p><div class=\"post-content\"><div class=\"post-content-inner\"><p>Como usuarios de iPhone, es com\u00fan tener dudas sobre c\u00f3mo funcionan las diferentes opciones de conectividad, como Wi-Fi, datos m\u00f3viles e itinerancia de datos o Bluetooth. Principales diferencias entre WiFi y Datos m\u00f3viles Conexi\u00f3n: Wi-Fi: Necesita de un router. Conecta...<\/p>\n<\/div><a href=\"https:\/\/www.ayudapple.com\/?p=987510325\" class=\"more-link\">leer m\u00e1s<\/a><\/div>\t\t\t\n\t\t\t<\/article>\n\t\t\t\t\n\t\t\t<article id=\"post-987510209\" class=\"et_pb_post clearfix et_pb_blog_item_0_3 post-987510209 post type-post status-publish format-standard has-post-thumbnail hentry category-ia\">\n\n\t\t\t\t<div class=\"et_pb_image_container\"><a href=\"https:\/\/www.ayudapple.com\/?p=987510209\" class=\"entry-featured-image-url\"><img loading=\"lazy\" decoding=\"async\" src=\"https:\/\/www.ayudapple.com\/wp-content\/uploads\/2024\/02\/ia-400x250.png\" alt=\"Exprime al m\u00e1ximo a ChatGPT\" class=\"\" srcset=\"https:\/\/www.ayudapple.com\/wp-content\/uploads\/2024\/02\/ia.png 479w, https:\/\/www.ayudapple.com\/wp-content\/uploads\/2024\/02\/ia-400x250.png 480w \" sizes=\"(max-width:479px) 479px, 100vw \"  width=\"400\" height=\"250\" \/><\/a><\/div>\n\t\t\t\t\t\t\t\t\t\t\t\t\t\t<h2 class=\"entry-title\">\n\t\t\t\t\t\t\t\t\t\t\t\t\t<a href=\"https:\/\/www.ayudapple.com\/?p=987510209\">Exprime al m\u00e1ximo a ChatGPT<\/a>\n\t\t\t\t\t\t\t\t\t\t\t<\/h2>\n\t\t\t\t\n\t\t\t\t\t<p class=\"post-meta\"><span class=\"published\">Feb 20, 2024<\/span> | <a href=\"https:\/\/www.ayudapple.com\/?cat=18\" rel=\"tag\">IA<\/a><\/p><div class=\"post-content\"><div class=\"post-content-inner\"><p>La inteligencia artificial (IA) est\u00e1 al alcance de todos, pero para aprovecharla al m\u00e1ximo, no basta con elegir la herramienta adecuada. El secreto est\u00e1 en saber c\u00f3mo dirigirte a ella.<\/p>\n<p>En este art\u00edculo, te mostrar\u00e9 c\u00f3mo convertirte en un experto en la elaboraci\u00f3n de peticiones (prompts). Aprender\u00e1s a formularlos de forma efectiva para obtener los mejores resultados de tu asistente de IA, ya sea ChatGPT de Openai, Gemini de Google, Copilot de Microsoft o cualquier otro.<\/p>\n<\/div><a href=\"https:\/\/www.ayudapple.com\/?p=987510209\" class=\"more-link\">leer m\u00e1s<\/a><\/div>\t\t\t\n\t\t\t<\/article>\n\t\t\t\t\n\t\t\t<article id=\"post-987510146\" class=\"et_pb_post clearfix et_pb_blog_item_0_4 post-987510146 post type-post status-publish format-standard has-post-thumbnail hentry category-macos category-orden\">\n\n\t\t\t\t<div class=\"et_pb_image_container\"><a href=\"https:\/\/www.ayudapple.com\/?p=987510146\" class=\"entry-featured-image-url\"><img loading=\"lazy\" decoding=\"async\" src=\"https:\/\/www.ayudapple.com\/wp-content\/uploads\/2024\/02\/Fototecas-400x250.png\" alt=\"Adi\u00f3s al caos: Domina tus fotos con m\u00faltiples Fototecas en Mac\" class=\"\" srcset=\"https:\/\/www.ayudapple.com\/wp-content\/uploads\/2024\/02\/Fototecas.png 479w, https:\/\/www.ayudapple.com\/wp-content\/uploads\/2024\/02\/Fototecas-400x250.png 480w \" sizes=\"(max-width:479px) 479px, 100vw \"  width=\"400\" height=\"250\" \/><\/a><\/div>\n\t\t\t\t\t\t\t\t\t\t\t\t\t\t<h2 class=\"entry-title\">\n\t\t\t\t\t\t\t\t\t\t\t\t\t<a href=\"https:\/\/www.ayudapple.com\/?p=987510146\">Adi\u00f3s al caos: Domina tus fotos con m\u00faltiples Fototecas en Mac<\/a>\n\t\t\t\t\t\t\t\t\t\t\t<\/h2>\n\t\t\t\t\n\t\t\t\t\t<p class=\"post-meta\"><span class=\"published\">Feb 17, 2024<\/span> | <a href=\"https:\/\/www.ayudapple.com\/?cat=14\" rel=\"tag\">MacOS<\/a>, <a href=\"https:\/\/www.ayudapple.com\/?cat=16\" rel=\"tag\">Orden<\/a><\/p><div class=\"post-content\"><div class=\"post-content-inner\"><p>El catalogador perfecto La aplicaci\u00f3n Fotos de Mac es un magn\u00edfico organizador para todas tus fotograf\u00edas. Con ella, puedes disfrutar de tus im\u00e1genes de una manera mucho m\u00e1s c\u00f3moda y atractiva que simplemente almacenarlas en una carpeta en el Finder. Sus diversas...<\/p>\n<\/div><a href=\"https:\/\/www.ayudapple.com\/?p=987510146\" class=\"more-link\">leer m\u00e1s<\/a><\/div>\t\t\t\n\t\t\t<\/article>\n\t\t\t\t\n\t\t\t<article id=\"post-370965\" class=\"et_pb_post clearfix et_pb_blog_item_0_5 post-370965 post type-post status-publish format-standard has-post-thumbnail hentry category-seguridad\">\n\n\t\t\t\t<div class=\"et_pb_image_container\"><a href=\"https:\/\/www.ayudapple.com\/?p=370965\" class=\"entry-featured-image-url\"><img loading=\"lazy\" decoding=\"async\" src=\"https:\/\/www.ayudapple.com\/wp-content\/uploads\/2023\/12\/iPhone-Security-1-400x250.webp\" alt=\"Lo que debes saber si te roban el iPhone\" class=\"\" srcset=\"https:\/\/www.ayudapple.com\/wp-content\/uploads\/2023\/12\/iPhone-Security-1-scaled.webp 479w, https:\/\/www.ayudapple.com\/wp-content\/uploads\/2023\/12\/iPhone-Security-1-400x250.webp 480w \" sizes=\"(max-width:479px) 479px, 100vw \"  width=\"400\" height=\"250\" \/><\/a><\/div>\n\t\t\t\t\t\t\t\t\t\t\t\t\t\t<h2 class=\"entry-title\">\n\t\t\t\t\t\t\t\t\t\t\t\t\t<a href=\"https:\/\/www.ayudapple.com\/?p=370965\">Lo que debes saber si te roban el iPhone<\/a>\n\t\t\t\t\t\t\t\t\t\t\t<\/h2>\n\t\t\t\t\n\t\t\t\t\t<p class=\"post-meta\"><span class=\"published\">Dic 8, 2023<\/span> | <a href=\"https:\/\/www.ayudapple.com\/?cat=12\" rel=\"tag\">Seguridad<\/a><\/p><div class=\"post-content\"><div class=\"post-content-inner\"><p>&nbsp; A menos que seas un personaje muy rico, famoso, pol\u00edtico o un agente doble, a un ladr\u00f3n de poca monta no le compensar\u00eda invertir el tiempo ni el dinero que requerir\u00eda desbloquear tu iPhone debido a las medidas de seguridad que posee. Es muy probable que a tu...<\/p>\n<\/div><a href=\"https:\/\/www.ayudapple.com\/?p=370965\" class=\"more-link\">leer m\u00e1s<\/a><\/div>\t\t\t\n\t\t\t<\/article>\n\t\t\t\t<\/div><div><div class=\"pagination clearfix\">\n\t<div class=\"alignleft\"><\/div>\n\t<div class=\"alignright\"><\/div>\n<\/div><\/div><\/div>\n\t\t\t\t\t<\/div>\n\t\t\t\t\t \n\t\t\t\t<\/div>\n\t\t\t<\/div>\n\t\t\t\t\n\t\t\t\t\n\t\t\t\t\n\t\t\t\t\n\t\t\t<\/div>\n\t\t\t\t\n\t\t\t\t\n\t\t\t<\/div><\/p>\n","protected":false},"excerpt":{"rendered":"","protected":false},"author":1,"featured_media":0,"parent":0,"menu_order":0,"comment_status":"closed","ping_status":"closed","template":"","meta":{"_et_pb_use_builder":"on","_et_pb_old_content":"","_et_gb_content_width":"","footnotes":""},"class_list":["post-370957","page","type-page","status-publish","hentry"],"_links":{"self":[{"href":"https:\/\/www.ayudapple.com\/index.php?rest_route=\/wp\/v2\/pages\/370957","targetHints":{"allow":["GET"]}}],"collection":[{"href":"https:\/\/www.ayudapple.com\/index.php?rest_route=\/wp\/v2\/pages"}],"about":[{"href":"https:\/\/www.ayudapple.com\/index.php?rest_route=\/wp\/v2\/types\/page"}],"author":[{"embeddable":true,"href":"https:\/\/www.ayudapple.com\/index.php?rest_route=\/wp\/v2\/users\/1"}],"replies":[{"embeddable":true,"href":"https:\/\/www.ayudapple.com\/index.php?rest_route=%2Fwp%2Fv2%2Fcomments&post=370957"}],"version-history":[{"count":10,"href":"https:\/\/www.ayudapple.com\/index.php?rest_route=\/wp\/v2\/pages\/370957\/revisions"}],"predecessor-version":[{"id":987510539,"href":"https:\/\/www.ayudapple.com\/index.php?rest_route=\/wp\/v2\/pages\/370957\/revisions\/987510539"}],"wp:attachment":[{"href":"https:\/\/www.ayudapple.com\/index.php?rest_route=%2Fwp%2Fv2%2Fmedia&parent=370957"}],"curies":[{"name":"wp","href":"https:\/\/api.w.org\/{rel}","templated":true}]}}